{"id":852,"date":"2022-10-11T14:01:44","date_gmt":"2022-10-11T14:01:44","guid":{"rendered":"https:\/\/theme.madsparrow.me\/most\/?page_id=852"},"modified":"2026-04-02T10:45:36","modified_gmt":"2026-04-02T10:45:36","slug":"homepage","status":"publish","type":"page","link":"https:\/\/siafnairobi2026.com\/fr\/","title":{"rendered":"Homepage"},"content":{"rendered":"<div data-elementor-type=\"wp-page\" data-elementor-id=\"852\" class=\"elementor elementor-852\">\n\t\t\t\t\t\t<section class=\"elementor-section elementor-top-section elementor-element elementor-element-3dae0dd elementor-section-full_width elementor-section-height-default elementor-section-height-default\" data-id=\"3dae0dd\" data-element_type=\"section\">\n\t\t\t\t\t\t<div class=\"elementor-container elementor-column-gap-no\">\n\t\t\t\t\t<div class=\"elementor-column elementor-col-100 elementor-top-column elementor-element elementor-element-b7119db\" data-id=\"b7119db\" data-element_type=\"column\">\n\t\t\t<div class=\"elementor-widget-wrap elementor-element-populated\">\n\t\t\t\t\t\t<div class=\"elementor-element elementor-element-3fd15aa elementor-widget elementor-widget-html\" data-id=\"3fd15aa\" data-element_type=\"widget\" data-widget_type=\"html.default\">\n\t\t\t\t\t<div style=\"position:relative; width:100vw; margin-left:calc(50% - 50vw); overflow:hidden;\">\n  <div style=\"position:relative; width:100%; padding-top:56.25%;\">\n    <iframe\n      src=\"https:\/\/www.youtube.com\/embed\/VR9vfFrtMGw?autoplay=1&loop=1&playlist=VR9vfFrtMGw&controls=0&showinfo=0&rel=0&modestbranding=1\"\n      title=\"YouTube video player\"\n      frameborder=\"0\"\n      allow=\"autoplay; encrypted-media; fullscreen\"\n      allowfullscreen\n style=\"position:absolute; top:0; left:0; width:100%; height:100%; border:0;\">\n    <\/iframe>\n  <\/div>\n<\/div>\t\t\t\t<\/div>\n\t\t\t\t<div class=\"elementor-element elementor-element-10f565e elementor-widget elementor-widget-image\" data-id=\"10f565e\" data-element_type=\"widget\" data-widget_type=\"image.default\">\n\t\t\t\t\t\t\t\t\t\t\t\t\t\t\t<img fetchpriority=\"high\" decoding=\"async\" width=\"1024\" height=\"293\" src=\"https:\/\/siafnairobi2026.com\/wp-content\/uploads\/2026\/03\/Be-An-Early-Bird-1024x293.png\" class=\"attachment-large size-large wp-image-3797\" alt=\"\" srcset=\"https:\/\/siafnairobi2026.com\/wp-content\/uploads\/2026\/03\/Be-An-Early-Bird-1024x293.png 1024w, https:\/\/siafnairobi2026.com\/wp-content\/uploads\/2026\/03\/Be-An-Early-Bird-300x86.png 300w, https:\/\/siafnairobi2026.com\/wp-content\/uploads\/2026\/03\/Be-An-Early-Bird-768x219.png 768w, https:\/\/siafnairobi2026.com\/wp-content\/uploads\/2026\/03\/Be-An-Early-Bird-1536x439.png 1536w, https:\/\/siafnairobi2026.com\/wp-content\/uploads\/2026\/03\/Be-An-Early-Bird-2048x585.png 2048w, https:\/\/siafnairobi2026.com\/wp-content\/uploads\/2026\/03\/Be-An-Early-Bird-18x5.png 18w, https:\/\/siafnairobi2026.com\/wp-content\/uploads\/2026\/03\/Be-An-Early-Bird-400x114.png 400w, https:\/\/siafnairobi2026.com\/wp-content\/uploads\/2026\/03\/Be-An-Early-Bird-1120x320.png 1120w, https:\/\/siafnairobi2026.com\/wp-content\/uploads\/2026\/03\/Be-An-Early-Bird-700x200.png 700w\" sizes=\"(max-width: 1024px) 100vw, 1024px\" \/>\t\t\t\t\t\t\t\t\t\t\t\t\t\t\t<\/div>\n\t\t\t\t<div class=\"elementor-element elementor-element-5edb2bf elementor-widget elementor-widget-eael-countdown\" data-id=\"5edb2bf\" data-element_type=\"widget\" data-widget_type=\"eael-countdown.default\">\n\t\t\t\t\t\n\t\t<div class=\"eael-countdown-wrapper\" data-countdown-id=\"5edb2bf\" data-expire-type=\"none\" data-countdown-type=\"due_date\">\n\t\t\t<div class=\"eael-countdown-container eael-countdown-label-block  eael-countdown-label-block-mobile\">\n                                    <ul id=\"eael-countdown-5edb2bf\" class=\"eael-countdown-items\" data-date=\"Apr 30 2026 0:00:00 +0\">\n                        <li class=\"eael-countdown-item\"><div class=\"eael-countdown-days\"><span data-days class=\"eael-countdown-digits\">00<\/span><span class=\"eael-countdown-label\">Days<\/span><\/div><\/li>                        <li class=\"eael-countdown-item\"><div class=\"eael-countdown-hours\"><span data-hours class=\"eael-countdown-digits\">00<\/span><span class=\"eael-countdown-label\">Hours<\/span><\/div><\/li>                        <li class=\"eael-countdown-item\"><div class=\"eael-countdown-minutes\"><span data-minutes class=\"eael-countdown-digits\">00<\/span><span class=\"eael-countdown-label\">Minutes<\/span><\/div><\/li>                        <li class=\"eael-countdown-item\"><div class=\"eael-countdown-seconds\"><span data-seconds class=\"eael-countdown-digits\">00<\/span><span class=\"eael-countdown-label\">Seconds<\/span><\/div><\/li>                    <\/ul>\n                    <div class=\"eael-countdown-expiry-template\" style=\"display: none;\">\n                                            <\/div>\n               \n\t\t\t    <div class=\"clearfix\"><\/div>\n\t\t\t<\/div>\n\t\t<\/div>\n\n\t\t\t\t\t<\/div>\n\t\t\t\t<div class=\"elementor-element elementor-element-de89793 elementor-widget elementor-widget-heading\" data-id=\"de89793\" data-element_type=\"widget\" data-widget_type=\"heading.default\">\n\t\t\t\t\t<h2 class=\"elementor-heading-title elementor-size-default\">Profitez d\u00e8s maintenant d'une r\u00e9duction de 10 % sur les frais de participation et de d\u00eener de gala.<\/h2>\t\t\t\t<\/div>\n\t\t\t\t<div class=\"elementor-element elementor-element-fb6843f elementor-align-center elementor-tablet-align-center elementor-mobile-align-center elementor-widget elementor-widget-button\" data-id=\"fb6843f\" data-element_type=\"widget\" data-widget_type=\"button.default\">\n\t\t\t\t\t\t\t\t\t\t<a class=\"elementor-button elementor-button-link elementor-size-sm\" href=\"https:\/\/siafnairobi2026.com\/register\/\">\n\t\t\t\t\t\t<span class=\"elementor-button-content-wrapper\">\n\t\t\t\t\t\t\t\t\t<span class=\"elementor-button-text\">Inscrivez-vous maintenant<\/span>\n\t\t\t\t\t<\/span>\n\t\t\t\t\t<\/a>\n\t\t\t\t\t\t\t\t<\/div>\n\t\t\t\t<div class=\"elementor-element elementor-element-4b7b347 elementor-align-center elementor-tablet-align-center elementor-mobile-align-center elementor-widget elementor-widget-button\" data-id=\"4b7b347\" data-element_type=\"widget\" data-widget_type=\"button.default\">\n\t\t\t\t\t\t\t\t\t\t<a class=\"elementor-button elementor-button-link elementor-size-sm\" href=\"https:\/\/siafnairobi2026.com\/pay\/\">\n\t\t\t\t\t\t<span class=\"elementor-button-content-wrapper\">\n\t\t\t\t\t\t\t\t\t<span class=\"elementor-button-text\">Pay Now<\/span>\n\t\t\t\t\t<\/span>\n\t\t\t\t\t<\/a>\n\t\t\t\t\t\t\t\t<\/div>\n\t\t\t\t<div class=\"elementor-element elementor-element-9323e64 elementor-widget elementor-widget-spacer\" data-id=\"9323e64\" data-element_type=\"widget\" data-widget_type=\"spacer.default\">\n\t\t\t\t\t\t\t<div class=\"elementor-spacer\">\n\t\t\t<div class=\"elementor-spacer-inner\"><\/div>\n\t\t<\/div>\n\t\t\t\t\t\t<\/div>\n\t\t\t\t\t<\/div>\n\t\t<\/div>\n\t\t\t\t\t<\/div>\n\t\t<\/section>\n\t\t\t\t<section class=\"elementor-section elementor-top-section elementor-element elementor-element-a341ae8 elementor-section-full_width elementor-section-height-default elementor-section-height-default\" data-id=\"a341ae8\" data-element_type=\"section\" data-settings=\"{&quot;background_background&quot;:&quot;classic&quot;}\">\n\t\t\t\t\t\t<div class=\"elementor-container elementor-column-gap-extended\">\n\t\t\t\t\t<div class=\"elementor-column elementor-col-100 elementor-top-column elementor-element elementor-element-290a3c1\" data-id=\"290a3c1\" data-element_type=\"column\">\n\t\t\t<div class=\"elementor-widget-wrap elementor-element-populated\">\n\t\t\t\t\t\t<section class=\"elementor-section elementor-inner-section elementor-element elementor-element-19fae26 elementor-section-boxed elementor-section-height-default elementor-section-height-default\" data-id=\"19fae26\" data-element_type=\"section\">\n\t\t\t\t\t\t<div class=\"elementor-container elementor-column-gap-default\">\n\t\t\t\t\t<div class=\"elementor-column elementor-col-50 elementor-inner-column elementor-element elementor-element-cb6d53c\" data-id=\"cb6d53c\" data-element_type=\"column\">\n\t\t\t<div class=\"elementor-widget-wrap elementor-element-populated\">\n\t\t\t\t\t\t<div class=\"elementor-element elementor-element-f81a97a elementor-widget elementor-widget-heading\" data-id=\"f81a97a\" data-element_type=\"widget\" data-widget_type=\"heading.default\">\n\t\t\t\t\t<h2 class=\"elementor-heading-title elementor-size-default\">4e CONF\u00c9RENCE BIENNALE ET ASSEMBL\u00c9E G\u00c9N\u00c9RALE ANNUELLE DE LA SIAF<\/h2>\t\t\t\t<\/div>\n\t\t\t\t\t<\/div>\n\t\t<\/div>\n\t\t\t\t<div class=\"elementor-column elementor-col-50 elementor-inner-column elementor-element elementor-element-3a69dee\" data-id=\"3a69dee\" data-element_type=\"column\">\n\t\t\t<div class=\"elementor-widget-wrap elementor-element-populated\">\n\t\t\t\t\t\t<div class=\"elementor-element elementor-element-432b584 elementor-widget elementor-widget-text-editor\" data-id=\"432b584\" data-element_type=\"widget\" data-widget_type=\"text-editor.default\">\n\t\t\t\t\t\t\t\t\t<p><strong>25-27 SEPTEMBRE 2026<\/strong><\/p><p>M\u00d6VENPICK NAIROBI HOTEL &amp; RESIDENCES<\/p>\t\t\t\t\t\t\t\t<\/div>\n\t\t\t\t<section class=\"elementor-section elementor-inner-section elementor-element elementor-element-6297b19 elementor-section-full_width elementor-section-height-default elementor-section-height-default\" data-id=\"6297b19\" data-element_type=\"section\">\n\t\t\t\t\t\t<div class=\"elementor-container elementor-column-gap-no\">\n\t\t\t\t\t<div class=\"elementor-column elementor-col-100 elementor-inner-column elementor-element elementor-element-6b7397a\" data-id=\"6b7397a\" data-element_type=\"column\">\n\t\t\t<div class=\"elementor-widget-wrap elementor-element-populated\">\n\t\t\t\t\t\t<div class=\"elementor-element elementor-element-90db413 elementor-widget elementor-widget-ms-button\" data-id=\"90db413\" data-element_type=\"widget\" data-widget_type=\"ms-button.default\">\n\t\t\t\t<div class=\"elementor-widget-container\">\n\t\t\t\t\t\r\n\r\n\t\t<a class=\"btn btn-default btn--md btn--primary btn--full-width\" role=\"button\" href=\"https:\/\/siafnairobi2026.com\/register\" target=\"_blank\">\r\n\r\n\t\t\t\r\n\t\t\t<div class=\"ms-btn__text\">INSCRIVEZ-VOUS POUR PARTICIPER<\/div>\r\n\r\n\r\n\t\t\t\r\n\t\t<\/a>\r\n\r\n\t\t\t\t\t\t<\/div>\n\t\t\t\t<\/div>\n\t\t\t\t\t<\/div>\n\t\t<\/div>\n\t\t\t\t\t<\/div>\n\t\t<\/section>\n\t\t\t\t\t<\/div>\n\t\t<\/div>\n\t\t\t\t\t<\/div>\n\t\t<\/section>\n\t\t\t\t<div class=\"elementor-element elementor-element-3cf6e9a elementor-widget elementor-widget-spacer\" data-id=\"3cf6e9a\" data-element_type=\"widget\" data-widget_type=\"spacer.default\">\n\t\t\t\t\t\t\t<div class=\"elementor-spacer\">\n\t\t\t<div class=\"elementor-spacer-inner\"><\/div>\n\t\t<\/div>\n\t\t\t\t\t\t<\/div>\n\t\t\t\t<div class=\"elementor-element elementor-element-ca2fde3 elementor-widget elementor-widget-heading\" data-id=\"ca2fde3\" data-element_type=\"widget\" data-widget_type=\"heading.default\">\n\t\t\t\t\t<h2 class=\"elementor-heading-title elementor-size-default\">UNDER THE PATRONAGE OF THE KENYA GOVERNMENT<\/h2>\t\t\t\t<\/div>\n\t\t\t\t<div class=\"elementor-element elementor-element-3593cf4 elementor-widget elementor-widget-image\" data-id=\"3593cf4\" data-element_type=\"widget\" data-widget_type=\"image.default\">\n\t\t\t\t\t\t\t\t\t\t\t\t\t\t\t<img decoding=\"async\" width=\"1024\" height=\"113\" src=\"https:\/\/siafnairobi2026.com\/wp-content\/uploads\/2026\/02\/Under_the_Patronage-1024x113.png\" class=\"attachment-large size-large wp-image-3727\" alt=\"\" srcset=\"https:\/\/siafnairobi2026.com\/wp-content\/uploads\/2026\/02\/Under_the_Patronage-1024x113.png 1024w, https:\/\/siafnairobi2026.com\/wp-content\/uploads\/2026\/02\/Under_the_Patronage-300x33.png 300w, https:\/\/siafnairobi2026.com\/wp-content\/uploads\/2026\/02\/Under_the_Patronage-768x85.png 768w, https:\/\/siafnairobi2026.com\/wp-content\/uploads\/2026\/02\/Under_the_Patronage-1536x170.png 1536w, https:\/\/siafnairobi2026.com\/wp-content\/uploads\/2026\/02\/Under_the_Patronage-18x2.png 18w, https:\/\/siafnairobi2026.com\/wp-content\/uploads\/2026\/02\/Under_the_Patronage-400x44.png 400w, https:\/\/siafnairobi2026.com\/wp-content\/uploads\/2026\/02\/Under_the_Patronage-1120x124.png 1120w, https:\/\/siafnairobi2026.com\/wp-content\/uploads\/2026\/02\/Under_the_Patronage-700x77.png 700w, https:\/\/siafnairobi2026.com\/wp-content\/uploads\/2026\/02\/Under_the_Patronage.png 1919w\" sizes=\"(max-width: 1024px) 100vw, 1024px\" \/>\t\t\t\t\t\t\t\t\t\t\t\t\t\t\t<\/div>\n\t\t\t\t<div class=\"elementor-element elementor-element-4915a66 elementor-widget elementor-widget-spacer\" data-id=\"4915a66\" data-element_type=\"widget\" data-widget_type=\"spacer.default\">\n\t\t\t\t\t\t\t<div class=\"elementor-spacer\">\n\t\t\t<div class=\"elementor-spacer-inner\"><\/div>\n\t\t<\/div>\n\t\t\t\t\t\t<\/div>\n\t\t<div class=\"elementor-element elementor-element-b4d297e e-flex e-con-boxed e-con e-parent\" data-id=\"b4d297e\" data-element_type=\"container\">\n\t\t\t\t\t<div class=\"e-con-inner\">\n\t\t\t\t<div class=\"elementor-element elementor-element-2c9874a elementor-widget elementor-widget-image\" data-id=\"2c9874a\" data-element_type=\"widget\" data-widget_type=\"image.default\">\n\t\t\t\t\t\t\t\t\t\t\t\t\t\t\t<img decoding=\"async\" width=\"675\" height=\"844\" src=\"https:\/\/siafnairobi2026.com\/wp-content\/uploads\/2026\/01\/Mary_Muia_SIAF_President_Profile.png\" class=\"attachment-large size-large wp-image-3373\" alt=\"\" srcset=\"https:\/\/siafnairobi2026.com\/wp-content\/uploads\/2026\/01\/Mary_Muia_SIAF_President_Profile.png 675w, https:\/\/siafnairobi2026.com\/wp-content\/uploads\/2026\/01\/Mary_Muia_SIAF_President_Profile-240x300.png 240w, https:\/\/siafnairobi2026.com\/wp-content\/uploads\/2026\/01\/Mary_Muia_SIAF_President_Profile-10x12.png 10w, https:\/\/siafnairobi2026.com\/wp-content\/uploads\/2026\/01\/Mary_Muia_SIAF_President_Profile-214x268.png 214w\" sizes=\"(max-width: 675px) 100vw, 675px\" \/>\t\t\t\t\t\t\t\t\t\t\t\t\t\t\t<\/div>\n\t\t\t\t<div class=\"elementor-element elementor-element-a88f10f elementor-widget elementor-widget-text-editor\" data-id=\"a88f10f\" data-element_type=\"widget\" data-widget_type=\"text-editor.default\">\n\t\t\t\t\t\t\t\t\t<h3 data-start=\"131\" data-end=\"183\"><strong data-start=\"131\" data-end=\"183\">Ch\u00e8res s\u0153urs Soroptimist d'Afrique et d'ailleurs,<\/strong><\/h3><div><strong data-start=\"131\" data-end=\"183\">\u00a0<\/strong><\/div><p data-start=\"120\" data-end=\"533\" class=\" translation-block\">J\u2019ai le plaisir de vous accueillir \u00e0 la 4e Conf\u00e9rence biennale et Assembl\u00e9e g\u00e9n\u00e9rale annuelle de la F\u00e9d\u00e9ration Soroptimist International Afrique (SIAF), qui se tiendra du 25 au 27 septembre 2026 \u00e0 l\u2019h\u00f4tel M\u00f6venpick de Nairobi, au Kenya. En tant que nouvelle pr\u00e9sidente de la SIAF, je vous invite chaleureusement \u00e0 Nairobi pour cet important rassemblement plac\u00e9 sous le th\u00e8me\u00a0: \u00ab\u00a0Ouvrir la voie\u00a0: vers l\u2019autonomisation et la durabilit\u00e9 en Afrique et au-del\u00e0\u00a0\u00bb.<\/p><p data-start=\"120\" data-end=\"533\">\u00a0<\/p><p data-start=\"535\" data-end=\"914\">Ce th\u00e8me refl\u00e8te notre engagement commun en faveur du leadership, de l\u2019autonomisation et du progr\u00e8s durable pour les femmes et les filles en Afrique et au-del\u00e0. Dans un contexte de changements rapides, le leadership des Soroptimistes demeure essentiel. La Conf\u00e9rence et l\u2019Assembl\u00e9e g\u00e9n\u00e9rale annuelle r\u00e9uniront les membres afin d\u2019examiner les progr\u00e8s de la F\u00e9d\u00e9ration, de renforcer sa gouvernance et d\u2019engager des discussions cibl\u00e9es sur nos priorit\u00e9s strat\u00e9giques.<\/p><p data-start=\"535\" data-end=\"914\">\u00a0<\/p><p data-start=\"916\" data-end=\"1160\">Les d\u00e9tails concernant le programme, les intervenants, l'inscription, l'h\u00e9bergement et la logistique seront communiqu\u00e9s via les canaux de communication officiels et le site web de la conf\u00e9rence. Le lien d'inscription en ligne, incluant les tarifs pr\u00e9f\u00e9rentiels, sera annonc\u00e9 prochainement.<\/p><p data-start=\"1162\" data-end=\"1431\">J\u2019encourage toutes les s\u0153urs Soroptimist \u00e0 participer activement. Votre voix et votre engagement sont essentiels pour fa\u00e7onner notre impact collectif. Nous nous r\u00e9jouissons de vous accueillir \u00e0 Nairobi et de partager avec vous l\u2019esprit de sororit\u00e9 qui caract\u00e9rise Soroptimist International.<\/p><p data-start=\"605\" data-end=\"810\"><span style=\"color: #000000;\">\u00a0<\/span><\/p><p data-start=\"1505\" data-end=\"1615\"><span data-start=\"1505\" data-end=\"1534\">Salutations de Soroptimist,<\/span><br data-start=\"1534\" data-end=\"1537\" \/><span data-start=\"1537\" data-end=\"1550\">Mary Muia<\/span><br data-start=\"1550\" data-end=\"1553\" \/>Pr\u00e9sidente<br data-start=\"1562\" data-end=\"1565\" \/>F\u00e9d\u00e9ration internationale Soroptimist Afrique (SIAF)<\/p>\t\t\t\t\t\t\t\t<\/div>\n\t\t\t\t\t<\/div>\n\t\t\t\t<\/div>\n\t\t\t\t<div class=\"elementor-element elementor-element-5b681a8 elementor-widget elementor-widget-spacer\" data-id=\"5b681a8\" data-element_type=\"widget\" data-widget_type=\"spacer.default\">\n\t\t\t\t\t\t\t<div class=\"elementor-spacer\">\n\t\t\t<div class=\"elementor-spacer-inner\"><\/div>\n\t\t<\/div>\n\t\t\t\t\t\t<\/div>\n\t\t\t\t\t<\/div>\n\t\t<\/div>\n\t\t\t\t\t<\/div>\n\t\t<\/section>\n\t\t\t\t<section class=\"elementor-section elementor-top-section elementor-element elementor-element-0625ac8 elementor-section-boxed elementor-section-height-default elementor-section-height-default\" data-id=\"0625ac8\" data-element_type=\"section\">\n\t\t\t\t\t\t<div class=\"elementor-container elementor-column-gap-extended\">\n\t\t\t\t\t<div class=\"elementor-column elementor-col-100 elementor-top-column elementor-element elementor-element-d15f424\" data-id=\"d15f424\" data-element_type=\"column\">\n\t\t\t<div class=\"elementor-widget-wrap elementor-element-populated\">\n\t\t\t\t\t\t<div class=\"elementor-element elementor-element-4023f86 elementor-widget elementor-widget-ms-hero\" data-id=\"4023f86\" data-element_type=\"widget\" data-widget_type=\"ms-hero.default\">\n\t\t\t\t<div class=\"elementor-widget-container\">\n\t\t\t\t\t\r\n        <section class=\"ms-hero\" id=\"4023f86\">\r\n\r\n            \r\n                            <div class=\"ms-parallax\" data-speed=\"0.7\" data-type=\"scroll\">\r\n                                            <img decoding=\"async\" class=\"jarallax-img\" src=\"https:\/\/siafnairobi2026.com\/wp-content\/uploads\/2026\/01\/SIAF-4th-Biennial-Conference-AGM-5.jpg\" alt=\"\">\r\n                                                        <\/div>\r\n            \r\n            \r\n                \r\n                    <div class=\"ms-hc\">\r\n                        <div class=\"ms-hc--inner\">\r\n                                                            <h1 class=\"ms-hero-title\">R\u00e9ductions pour inscription anticip\u00e9e disponibles<\/h1>\r\n                                                                                <\/div>\r\n                    <\/div>\r\n\r\n                \r\n                \r\n            \r\n        <\/section>\r\n\r\n    \t\t\t\t<\/div>\n\t\t\t\t<\/div>\n\t\t\t\t<div class=\"elementor-element elementor-element-2cea3f5 elementor-tablet-align-center elementor-align-center elementor-widget elementor-widget-button\" data-id=\"2cea3f5\" data-element_type=\"widget\" data-widget_type=\"button.default\">\n\t\t\t\t\t\t\t\t\t\t<a class=\"elementor-button elementor-button-link elementor-size-sm\" href=\"https:\/\/siafnairobi2026.com\/register\">\n\t\t\t\t\t\t<span class=\"elementor-button-content-wrapper\">\n\t\t\t\t\t\t\t\t\t<span class=\"elementor-button-text\">Inscrivez-vous maintenant<\/span>\n\t\t\t\t\t<\/span>\n\t\t\t\t\t<\/a>\n\t\t\t\t\t\t\t\t<\/div>\n\t\t<div class=\"elementor-element elementor-element-6785cd2 e-con-full e-flex e-con e-parent\" data-id=\"6785cd2\" data-element_type=\"container\">\n\t\t\t\t<div class=\"elementor-element elementor-element-65e8d01 elementor-widget elementor-widget-ms-hero\" data-id=\"65e8d01\" data-element_type=\"widget\" data-widget_type=\"ms-hero.default\">\n\t\t\t\t<div class=\"elementor-widget-container\">\n\t\t\t\t\t\r\n        <section class=\"ms-hero\" id=\"65e8d01\">\r\n\r\n                            <div class=\"hero-overlay\"><\/div>\r\n            \r\n                            <div class=\"ms-parallax\" data-speed=\"0.7\" data-type=\"scroll\">\r\n                                            <img decoding=\"async\" class=\"jarallax-img\" src=\"https:\/\/siafnairobi2026.com\/wp-content\/uploads\/2026\/02\/Greening-Our-Horizons-scaled.jpg\" alt=\"\">\r\n                                                        <\/div>\r\n            \r\n            \r\n                \r\n                    <div class=\"ms-hc\">\r\n                        <div class=\"ms-hc--inner\">\r\n                                                            <h1 class=\"ms-hero-title\">Il faut la sororit\u00e9<\/h1>\r\n                                                                                        <p class=\"ms-hero-subtitle\">f\u00e9minine pour donner vie \u00e0 une vision<\/p>\r\n                                                    <\/div>\r\n                    <\/div>\r\n\r\n                \r\n                \r\n            \r\n        <\/section>\r\n\r\n    \t\t\t\t<\/div>\n\t\t\t\t<\/div>\n\t\t\t\t<\/div>\n\t\t\t\t<div class=\"elementor-element elementor-element-e552353 elementor-tablet-align-center elementor-align-center elementor-widget elementor-widget-button\" data-id=\"e552353\" data-element_type=\"widget\" data-widget_type=\"button.default\">\n\t\t\t\t\t\t\t\t\t\t<a class=\"elementor-button elementor-button-link elementor-size-sm\" href=\"https:\/\/siafnairobi2026.com\/committee\">\n\t\t\t\t\t\t<span class=\"elementor-button-content-wrapper\">\n\t\t\t\t\t\t\t\t\t<span class=\"elementor-button-text\">Rencontrez le comit\u00e9<\/span>\n\t\t\t\t\t<\/span>\n\t\t\t\t\t<\/a>\n\t\t\t\t\t\t\t\t<\/div>\n\t\t\t\t<div class=\"elementor-element elementor-element-1f77207 elementor-widget elementor-widget-ms-hero\" data-id=\"1f77207\" data-element_type=\"widget\" data-widget_type=\"ms-hero.default\">\n\t\t\t\t<div class=\"elementor-widget-container\">\n\t\t\t\t\t\r\n        <section class=\"ms-hero\" id=\"1f77207\">\r\n\r\n            \r\n                            <div class=\"ms-parallax\" data-speed=\"0.7\" data-type=\"scroll\">\r\n                                            <img decoding=\"async\" class=\"jarallax-img\" src=\"https:\/\/siafnairobi2026.com\/wp-content\/uploads\/2026\/01\/SIAF_CON_AGM-2.jpg\" alt=\"\">\r\n                                                        <\/div>\r\n            \r\n            \r\n                \r\n                \r\n            \r\n        <\/section>\r\n\r\n    \t\t\t\t<\/div>\n\t\t\t\t<\/div>\n\t\t<div class=\"elementor-element elementor-element-98a83da e-flex e-con-boxed e-con e-parent\" data-id=\"98a83da\" data-element_type=\"container\">\n\t\t\t\t\t<div class=\"e-con-inner\">\n\t\t\t\t\t<\/div>\n\t\t\t\t<\/div>\n\t\t\t\t\t<\/div>\n\t\t<\/div>\n\t\t\t\t\t<\/div>\n\t\t<\/section>\n\t\t\t\t<\/div>","protected":false},"excerpt":{"rendered":"<p>00Days 00Hours 00Minutes 00Seconds Act now to enjoy a 10% discount on delegate and gala dinner fees Register Now Pay Now THE 4TH SIAF [&hellip;]<\/p>","protected":false},"author":1,"featured_media":0,"parent":0,"menu_order":0,"comment_status":"closed","ping_status":"closed","template":"page-custom.php","meta":{"_acf_changed":false,"_monsterinsights_skip_tracking":false,"_monsterinsights_sitenote_active":false,"_monsterinsights_sitenote_note":"","_monsterinsights_sitenote_category":0,"footnotes":""},"class_list":["post-852","page","type-page","status-publish","hentry"],"acf":{"full_width":false,"header_transparent":false,"header_white":true},"aioseo_notices":[],"_links":{"self":[{"href":"https:\/\/siafnairobi2026.com\/fr\/wp-json\/wp\/v2\/pages\/852","targetHints":{"allow":["GET"]}}],"collection":[{"href":"https:\/\/siafnairobi2026.com\/fr\/wp-json\/wp\/v2\/pages"}],"about":[{"href":"https:\/\/siafnairobi2026.com\/fr\/wp-json\/wp\/v2\/types\/page"}],"author":[{"embeddable":true,"href":"https:\/\/siafnairobi2026.com\/fr\/wp-json\/wp\/v2\/users\/1"}],"replies":[{"embeddable":true,"href":"https:\/\/siafnairobi2026.com\/fr\/wp-json\/wp\/v2\/comments?post=852"}],"version-history":[{"count":97,"href":"https:\/\/siafnairobi2026.com\/fr\/wp-json\/wp\/v2\/pages\/852\/revisions"}],"predecessor-version":[{"id":3818,"href":"https:\/\/siafnairobi2026.com\/fr\/wp-json\/wp\/v2\/pages\/852\/revisions\/3818"}],"wp:attachment":[{"href":"https:\/\/siafnairobi2026.com\/fr\/wp-json\/wp\/v2\/media?parent=852"}],"curies":[{"name":"wp","href":"https:\/\/api.w.org\/{rel}","templated":true}]}}