{"id":3280,"date":"2026-01-02T18:47:52","date_gmt":"2026-01-02T18:47:52","guid":{"rendered":"https:\/\/siafnairobi2026.com\/?page_id=3280"},"modified":"2026-02-09T12:38:35","modified_gmt":"2026-02-09T12:38:35","slug":"register","status":"publish","type":"page","link":"https:\/\/siafnairobi2026.com\/fr\/register\/","title":{"rendered":"Inscrivez-vous pour participer"},"content":{"rendered":"<div data-elementor-type=\"wp-page\" data-elementor-id=\"3280\" class=\"elementor elementor-3280\">\n\t\t\t\t\t\t<section class=\"elementor-section elementor-top-section elementor-element elementor-element-3dae0dd elementor-section-full_width elementor-section-height-default elementor-section-height-default\" data-id=\"3dae0dd\" data-element_type=\"section\">\n\t\t\t\t\t\t<div class=\"elementor-container elementor-column-gap-no\">\n\t\t\t\t\t<div class=\"elementor-column elementor-col-100 elementor-top-column elementor-element elementor-element-b7119db\" data-id=\"b7119db\" data-element_type=\"column\">\n\t\t\t<div class=\"elementor-widget-wrap elementor-element-populated\">\n\t\t\t\t\t\t<div class=\"elementor-element elementor-element-1f77207 elementor-widget elementor-widget-ms-hero\" data-id=\"1f77207\" data-element_type=\"widget\" data-widget_type=\"ms-hero.default\">\n\t\t\t\t<div class=\"elementor-widget-container\">\n\t\t\t\t\t\r\n        <section class=\"ms-hero\" id=\"1f77207\">\r\n\r\n            \r\n                            <div class=\"ms-parallax\" data-speed=\"0.7\" data-type=\"scroll\">\r\n                                            <img decoding=\"async\" class=\"jarallax-img\" src=\"https:\/\/siafnairobi2026.com\/wp-content\/uploads\/2026\/01\/reg-9.jpg\" alt=\"\">\r\n                                                        <\/div>\r\n            \r\n            \r\n                \r\n                    <div class=\"ms-hc\">\r\n                        <div class=\"ms-hc--inner\">\r\n                                                            <h1 class=\"ms-hero-title\">Inscrivez-vous pour participer<\/h1>\r\n                                                                                        <p class=\"ms-hero-subtitle\">4e CONF\u00c9RENCE BIENNALE ET ASSEMBL\u00c9E G\u00c9N\u00c9RALE ANNUELLE DE LA SIAF<\/p>\r\n                                                    <\/div>\r\n                    <\/div>\r\n\r\n                \r\n                \r\n            \r\n        <\/section>\r\n\r\n    \t\t\t\t<\/div>\n\t\t\t\t<\/div>\n\t\t\t\t\t<\/div>\n\t\t<\/div>\n\t\t\t\t\t<\/div>\n\t\t<\/section>\n\t\t\t\t<section class=\"elementor-section elementor-top-section elementor-element elementor-element-a341ae8 elementor-section-full_width elementor-section-height-default elementor-section-height-default\" data-id=\"a341ae8\" data-element_type=\"section\" data-settings=\"{&quot;background_background&quot;:&quot;classic&quot;}\">\n\t\t\t\t\t\t<div class=\"elementor-container elementor-column-gap-extended\">\n\t\t\t\t\t<div class=\"elementor-column elementor-col-100 elementor-top-column elementor-element elementor-element-290a3c1\" data-id=\"290a3c1\" data-element_type=\"column\">\n\t\t\t<div class=\"elementor-widget-wrap elementor-element-populated\">\n\t\t\t\t\t\t<section class=\"elementor-section elementor-inner-section elementor-element elementor-element-19fae26 elementor-section-boxed elementor-section-height-default elementor-section-height-default\" data-id=\"19fae26\" data-element_type=\"section\">\n\t\t\t\t\t\t<div class=\"elementor-container elementor-column-gap-default\">\n\t\t\t\t\t<div class=\"elementor-column elementor-col-100 elementor-inner-column elementor-element elementor-element-cb6d53c\" data-id=\"cb6d53c\" data-element_type=\"column\">\n\t\t\t<div class=\"elementor-widget-wrap\">\n\t\t\t\t\t\t\t<\/div>\n\t\t<\/div>\n\t\t\t\t\t<\/div>\n\t\t<\/section>\n\t\t\t\t<div class=\"elementor-element elementor-element-6c957a2 elementor-widget elementor-widget-html\" data-id=\"6c957a2\" data-element_type=\"widget\" data-widget_type=\"html.default\">\n\t\t\t\t\t<iframe aria-label='SIAF Nairobi 2026 \u2014 Delegates Registration' frameborder=\"0\" style=\"height:1200px;width:99%;border:none;\" src='https:\/\/forms.zohopublic.com\/keitholengaje1\/form\/SIAFNairobi2026DelegatesRegistration\/formperma\/43v585blWGJn9hzZTVmS3jp-LN0xeraRr_Yuoqofk04'><\/iframe>\t\t\t\t<\/div>\n\t\t\t\t\t<\/div>\n\t\t<\/div>\n\t\t\t\t\t<\/div>\n\t\t<\/section>\n\t\t<div class=\"elementor-element elementor-element-9477d85 e-flex e-con-boxed e-con e-parent\" data-id=\"9477d85\" data-element_type=\"container\">\n\t\t\t\t\t<div class=\"e-con-inner\">\n\t\t\t\t<div class=\"elementor-element elementor-element-3773734 elementor-align-center elementor-widget elementor-widget-button\" data-id=\"3773734\" data-element_type=\"widget\" data-widget_type=\"button.default\">\n\t\t\t\t\t\t\t\t\t\t<a class=\"elementor-button elementor-button-link elementor-size-sm\" href=\"https:\/\/siafnairobi2026.com\/pay\/\">\n\t\t\t\t\t\t<span class=\"elementor-button-content-wrapper\">\n\t\t\t\t\t\t\t\t\t<span class=\"elementor-button-text\">Cliquez ici pour payer<\/span>\n\t\t\t\t\t<\/span>\n\t\t\t\t\t<\/a>\n\t\t\t\t\t\t\t\t<\/div>\n\t\t\t\t<div class=\"elementor-element elementor-element-47e7502 elementor-widget elementor-widget-spacer\" data-id=\"47e7502\" data-element_type=\"widget\" data-widget_type=\"spacer.default\">\n\t\t\t\t\t\t\t<div class=\"elementor-spacer\">\n\t\t\t<div class=\"elementor-spacer-inner\"><\/div>\n\t\t<\/div>\n\t\t\t\t\t\t<\/div>\n\t\t\t\t<div class=\"elementor-element elementor-element-3c216d3 elementor-widget elementor-widget-ms-hero\" data-id=\"3c216d3\" data-element_type=\"widget\" data-widget_type=\"ms-hero.default\">\n\t\t\t\t<div class=\"elementor-widget-container\">\n\t\t\t\t\t\r\n        <section class=\"ms-hero\" id=\"3c216d3\">\r\n\r\n                            <div class=\"hero-overlay\"><\/div>\r\n            \r\n                            <div class=\"ms-parallax\" data-speed=\"0.7\" data-type=\"scroll\">\r\n                                            <img decoding=\"async\" class=\"jarallax-img\" src=\"https:\/\/siafnairobi2026.com\/wp-content\/uploads\/2026\/01\/SIAF-Pay.jpg\" alt=\"\">\r\n                                                        <\/div>\r\n            \r\n            \r\n                \r\n                    <div class=\"ms-hc\">\r\n                        <div class=\"ms-hc--inner\">\r\n                                                            <h1 class=\"ms-hero-title\">Payez votre inscription<\/h1>\r\n                                                                                <\/div>\r\n                    <\/div>\r\n\r\n                \r\n                \r\n            \r\n        <\/section>\r\n\r\n    \t\t\t\t<\/div>\n\t\t\t\t<\/div>\n\t\t\t\t\t<\/div>\n\t\t\t\t<\/div>\n\t\t\t\t<\/div>","protected":false},"excerpt":{"rendered":"<p>Register to Participate THE 4TH SIAF BIENNIAL CONFERENCE &#038; AGM Click here to Pay Pay for your Registration<\/p>","protected":false},"author":1,"featured_media":0,"parent":0,"menu_order":0,"comment_status":"closed","ping_status":"closed","template":"page-custom.php","meta":{"_acf_changed":false,"_monsterinsights_skip_tracking":false,"_monsterinsights_sitenote_active":false,"_monsterinsights_sitenote_note":"","_monsterinsights_sitenote_category":0,"footnotes":""},"class_list":["post-3280","page","type-page","status-publish","hentry"],"acf":{"full_width":false,"header_transparent":false,"header_white":true},"aioseo_notices":[],"_links":{"self":[{"href":"https:\/\/siafnairobi2026.com\/fr\/wp-json\/wp\/v2\/pages\/3280","targetHints":{"allow":["GET"]}}],"collection":[{"href":"https:\/\/siafnairobi2026.com\/fr\/wp-json\/wp\/v2\/pages"}],"about":[{"href":"https:\/\/siafnairobi2026.com\/fr\/wp-json\/wp\/v2\/types\/page"}],"author":[{"embeddable":true,"href":"https:\/\/siafnairobi2026.com\/fr\/wp-json\/wp\/v2\/users\/1"}],"replies":[{"embeddable":true,"href":"https:\/\/siafnairobi2026.com\/fr\/wp-json\/wp\/v2\/comments?post=3280"}],"version-history":[{"count":52,"href":"https:\/\/siafnairobi2026.com\/fr\/wp-json\/wp\/v2\/pages\/3280\/revisions"}],"predecessor-version":[{"id":3661,"href":"https:\/\/siafnairobi2026.com\/fr\/wp-json\/wp\/v2\/pages\/3280\/revisions\/3661"}],"wp:attachment":[{"href":"https:\/\/siafnairobi2026.com\/fr\/wp-json\/wp\/v2\/media?parent=3280"}],"curies":[{"name":"wp","href":"https:\/\/api.w.org\/{rel}","templated":true}]}}